{"id":27250,"date":"2020-02-12T16:56:47","date_gmt":"2020-02-12T15:56:47","guid":{"rendered":"http:\/\/www.inedichrono.be\/?page_id=27250"},"modified":"2020-03-04T14:47:17","modified_gmt":"2020-03-04T13:47:17","slug":"preinscriptionescapardenne","status":"publish","type":"page","link":"https:\/\/www.inedichrono.be\/index.php\/preinscriptionescapardenne\/","title":{"rendered":"preinscriptionESCAPARDENNE"},"content":{"rendered":"<p>[et_pb_section fb_built=\u00a0\u00bb1&Prime; _builder_version=\u00a0\u00bb3.22&Prime; background_color=\u00a0\u00bb#7cda24&Prime; custom_padding=\u00a0\u00bb0|0px|0|0px|false|false\u00a0\u00bb fb_built=\u00a0\u00bb1&Prime; _i=\u00a0\u00bb0&Prime; _address=\u00a0\u00bb0&Prime;][et_pb_row _builder_version=\u00a0\u00bb3.25&Prime; custom_padding=\u00a0\u00bb36px||63px|||\u00a0\u00bb _i=\u00a0\u00bb0&Prime; _address=\u00a0\u00bb0.0&Prime;][et_pb_column type=\u00a0\u00bb4_4&Prime; _builder_version=\u00a0\u00bb3.25&Prime; custom_padding=\u00a0\u00bb|||\u00a0\u00bb _i=\u00a0\u00bb0&Prime; _address=\u00a0\u00bb0.0.0&Prime; custom_padding__hover=\u00a0\u00bb|||\u00a0\u00bb][et_pb_text _builder_version=\u00a0\u00bb3.29.3&Prime; _i=\u00a0\u00bb0&Prime; _address=\u00a0\u00bb0.0.0.0&Prime;]<\/p>\n<h2 style=\"text-align: center;\">Vous allez vous pr\u00e9inscrire \u00e0 l&rsquo;ESCAPARDENNE TRAIL&#8230;<\/h2>\n<h2 style=\"text-align: center;\">prenez un instant pour lire attentivement les recommandations suivantes :<\/h2>\n<p>&nbsp;<\/p>\n<p>[\/et_pb_text][\/et_pb_column][\/et_pb_row][\/et_pb_section][et_pb_section fb_built=\u00a0\u00bb1&Prime; _builder_version=\u00a0\u00bb3.29.3&Prime; background_color=\u00a0\u00bb#e5e5e5&Prime; min_height=\u00a0\u00bb655px\u00a0\u00bb custom_margin=\u00a0\u00bb-57px||-4px|||\u00a0\u00bb fb_built=\u00a0\u00bb1&Prime; _i=\u00a0\u00bb1&Prime; _address=\u00a0\u00bb1&Prime;][et_pb_row _builder_version=\u00a0\u00bb3.29.3&Prime; custom_margin=\u00a0\u00bb-23px|auto||auto||\u00a0\u00bb custom_padding=\u00a0\u00bb0|0px|15px|0px|false|false\u00a0\u00bb _i=\u00a0\u00bb0&Prime; _address=\u00a0\u00bb1.0&Prime;][et_pb_column type=\u00a0\u00bb4_4&Prime; _builder_version=\u00a0\u00bb3.25&Prime; custom_padding=\u00a0\u00bb|||\u00a0\u00bb _i=\u00a0\u00bb0&Prime; _address=\u00a0\u00bb1.0.0&Prime; custom_padding__hover=\u00a0\u00bb|||\u00a0\u00bb][et_pb_text _builder_version=\u00a0\u00bb3.29.3&Prime; custom_padding=\u00a0\u00bb0px||\u00a0\u00bb _i=\u00a0\u00bb0&Prime; _address=\u00a0\u00bb1.0.0.0&Prime;]<\/p>\n<h3 style=\"text-align: center;\">Nous constatons que de nombreux coureurs s&rsquo;inscrivent sans payer et ne sont pas pr\u00e9sents au trail.<\/h3>\n<h3 style=\"text-align: center;\">En cas de trail complet, cette attitude emp\u00eache d&rsquo;autres coureurs \u00e0 venir \u00e0 notre organisation.<\/h3>\n<h3 style=\"text-align: center;\">Pour \u00e9viter cette situation, effectuez le versement de votre inscription le plus rapidement possible&#8230;<\/h3>\n<h3 style=\"text-align: center;\"><strong>Reporter \u00e0 plus tard c&rsquo;est souvent oublier de payer\u00a0<\/strong><img decoding=\"async\" src=\"http:\/\/www.inedichrono.be\/wp-content\/themes\/Divi\/includes\/builder\/frontend-builder\/assets\/vendors\/plugins\/emoticons\/img\/smiley-tongue-out.gif\" alt=\"tongue-out\" \/>!<\/h3>\n<h3 style=\"text-align: center;\"><span style=\"color: #ff0000;\"><strong>TOUTE PREINSCRIPTION NON CONFIRMEE PAR UN PAIEMENT DANS LES 10 JOURS SERA DEFINITIVEMENT ANNULEE.<\/strong><\/span><\/h3>\n<h3 style=\"text-align: center;\"><span style=\"color: #146800;\"><strong>INEDICHRONO<br \/> IBAN :\u00a0 \u00a0 \u00a0BE27 9792 5600 9273<br \/> CODE BIC:\u00a0 \u00a0 ARSPBE22<\/strong><\/span><\/h3>\n<p>[\/et_pb_text][\/et_pb_column][\/et_pb_row][et_pb_row _builder_version=\u00a0\u00bb3.29.3&Prime; custom_padding=\u00a0\u00bb0|0px|1px|0px|false|false\u00a0\u00bb _i=\u00a0\u00bb1&Prime; _address=\u00a0\u00bb1.1&Prime;][et_pb_column type=\u00a0\u00bb4_4&Prime; _builder_version=\u00a0\u00bb3.25&Prime; custom_padding=\u00a0\u00bb|||\u00a0\u00bb _i=\u00a0\u00bb0&Prime; _address=\u00a0\u00bb1.1.0&Prime; custom_padding__hover=\u00a0\u00bb|||\u00a0\u00bb][et_pb_divider _builder_version=\u00a0\u00bb3.29.3&Prime; background_color=\u00a0\u00bbrgba(22,22,22,0)\u00a0\u00bb custom_padding=\u00a0\u00bb||0px|||\u00a0\u00bb _i=\u00a0\u00bb0&Prime; _address=\u00a0\u00bb1.1.0.0&Prime;][\/et_pb_divider][et_pb_text _builder_version=\u00a0\u00bb3.29.3&Prime; custom_margin=\u00a0\u00bb-30px||\u00a0\u00bb _i=\u00a0\u00bb1&Prime; _address=\u00a0\u00bb1.1.0.1&Prime;]<\/p>\n<h3 style=\"text-align: center;\">InediChrono g\u00e8re les pr\u00e9inscriptions de nombreuses courses.<\/h3>\n<h3 style=\"text-align: center;\">Afin d&rsquo;apurer votre paiement facilement et ainsi valider votre inscription,<\/h3>\n<h3 style=\"text-align: center;\">Il est OBLIGATOIRE d&rsquo;encoder une communication avec la structure suivante:<\/h3>\n<h3 style=\"text-align: center;\"><strong>ESCAPARDENNE \/ NOM \/ PRENOM \/ DISTANCE<\/strong><\/h3>\n<p><strong><\/strong><\/p>\n<p><strong><\/strong><\/p>\n<p>[\/et_pb_text][\/et_pb_column][\/et_pb_row][et_pb_row _builder_version=\u00a0\u00bb3.25&Prime; custom_padding=\u00a0\u00bb0|0px|0|0px|false|false\u00a0\u00bb _i=\u00a0\u00bb2&Prime; _address=\u00a0\u00bb1.2&Prime;][et_pb_column type=\u00a0\u00bb4_4&Prime; _builder_version=\u00a0\u00bb3.25&Prime; custom_padding=\u00a0\u00bb|||\u00a0\u00bb _i=\u00a0\u00bb0&Prime; _address=\u00a0\u00bb1.2.0&Prime; custom_padding__hover=\u00a0\u00bb|||\u00a0\u00bb][et_pb_divider _builder_version=\u00a0\u00bb3.29.3&Prime; background_color=\u00a0\u00bbrgba(0,0,0,0)\u00a0\u00bb custom_margin=\u00a0\u00bb||16px|||\u00a0\u00bb _i=\u00a0\u00bb0&Prime; _address=\u00a0\u00bb1.2.0.0&Prime;][\/et_pb_divider][et_pb_button button_url=\u00a0\u00bbhttps:\/\/docs.google.com\/forms\/d\/e\/1FAIpQLSdTQtTSrRM_sbnHfQ3tcoU2i3Kc5oq1sXtl8R0jvVyXPo5aoQ\/viewform\u00a0\u00bb url_new_window=\u00a0\u00bbon\u00a0\u00bb button_text=\u00a0\u00bbJ&rsquo;ai compris!\u2026 Je m&rsquo;inscris en ligne\u00a0\u00bb button_alignment=\u00a0\u00bbcenter\u00a0\u00bb _builder_version=\u00a0\u00bb3.29.3&Prime; custom_button=\u00a0\u00bbon\u00a0\u00bb button_text_color=\u00a0\u00bbrgba(0,0,0,0.61)\u00a0\u00bb button_bg_use_color_gradient=\u00a0\u00bbon\u00a0\u00bb button_bg_color_gradient_start=\u00a0\u00bbrgba(186,216,158,0.24)\u00a0\u00bb button_bg_color_gradient_end=\u00a0\u00bb#84d836&Prime; button_border_width=\u00a0\u00bb3px\u00a0\u00bb button_border_radius=\u00a0\u00bb47px\u00a0\u00bb button_letter_spacing=\u00a0\u00bb0px\u00a0\u00bb button_font=\u00a0\u00bbBaloo||||||||\u00a0\u00bb button_icon=\u00a0\u00bb%%75%%\u00a0\u00bb button_on_hover=\u00a0\u00bboff\u00a0\u00bb button_text_color_hover=\u00a0\u00bb#7cda24&Prime; button_border_color_hover=\u00a0\u00bb#7cda24&Prime; button_bg_color_hover=\u00a0\u00bb#7a7a7a\u00a0\u00bb button_text_size__hover_enabled=\u00a0\u00bboff\u00a0\u00bb button_one_text_size__hover_enabled=\u00a0\u00bboff\u00a0\u00bb button_two_text_size__hover_enabled=\u00a0\u00bboff\u00a0\u00bb button_text_color__hover_enabled=\u00a0\u00bbon\u00a0\u00bb button_text_color__hover=\u00a0\u00bb#7cda24&Prime; button_one_text_color__hover_enabled=\u00a0\u00bboff\u00a0\u00bb button_two_text_color__hover_enabled=\u00a0\u00bboff\u00a0\u00bb button_border_width__hover_enabled=\u00a0\u00bboff\u00a0\u00bb button_one_border_width__hover_enabled=\u00a0\u00bboff\u00a0\u00bb button_two_border_width__hover_enabled=\u00a0\u00bboff\u00a0\u00bb button_border_color__hover_enabled=\u00a0\u00bbon\u00a0\u00bb button_border_color__hover=\u00a0\u00bb#7cda24&Prime; button_one_border_color__hover_enabled=\u00a0\u00bboff\u00a0\u00bb button_two_border_color__hover_enabled=\u00a0\u00bboff\u00a0\u00bb button_border_radius__hover_enabled=\u00a0\u00bboff\u00a0\u00bb button_one_border_radius__hover_enabled=\u00a0\u00bboff\u00a0\u00bb button_two_border_radius__hover_enabled=\u00a0\u00bboff\u00a0\u00bb button_letter_spacing__hover_enabled=\u00a0\u00bboff\u00a0\u00bb button_one_letter_spacing__hover_enabled=\u00a0\u00bboff\u00a0\u00bb button_two_letter_spacing__hover_enabled=\u00a0\u00bboff\u00a0\u00bb button_bg_color__hover_enabled=\u00a0\u00bbon\u00a0\u00bb button_bg_color__hover=\u00a0\u00bb#7a7a7a\u00a0\u00bb button_one_bg_color__hover_enabled=\u00a0\u00bboff\u00a0\u00bb button_two_bg_color__hover_enabled=\u00a0\u00bboff\u00a0\u00bb _i=\u00a0\u00bb1&Prime; _address=\u00a0\u00bb1.2.0.1&Prime;][\/et_pb_button][et_pb_text _builder_version=\u00a0\u00bb3.29.3&Prime; custom_margin=\u00a0\u00bb-30px||\u00a0\u00bb hover_enabled=\u00a0\u00bb0&Prime; _i=\u00a0\u00bb2&Prime; _address=\u00a0\u00bb1.2.0.2&Prime;]<\/p>\n<p><strong><span style=\"color: #ff0000;\"><\/span><\/strong><\/p>\n<h3 style=\"text-align: center;\"><span style=\"color: #ff0000;\">Les inscriptions ne seront possibles le jour de la course que si le trail n&rsquo;est pas complet !<\/span><\/h3>\n<p style=\"text-align: center;\">Vous pouvez v\u00e9rifier le statut de votre inscription via la home page de notre site ou directement <a href=\"https:\/\/docs.google.com\/spreadsheets\/d\/e\/2PACX-1vRK9QqUsoSwWLO9AyRhWqTG84Ym4OHBapZeqLq5iu4pkBCjJyUAylSTmmGsfgY69rEL_YqKW0Ykv-wR\/pubhtml?gid=367097141&amp;single=true\" target=\"_blank\" rel=\"noopener noreferrer\">ici<\/a><\/p>\n<p style=\"text-align: center;\">(tenez compte d&rsquo;un d\u00e9lai de 1 \u00e0 3 jours pour l&rsquo;actualisation en fonction de la date de votre paiement)<\/p>\n<p>[\/et_pb_text][\/et_pb_column][\/et_pb_row][\/et_pb_section]<\/p>\n","protected":false},"excerpt":{"rendered":"<p>Vous allez vous pr\u00e9inscrire \u00e0 l&rsquo;ESCAPARDENNE TRAIL&#8230; prenez un instant pour lire attentivement les recommandations suivantes : &nbsp;Nous constatons que de nombreux coureurs s&rsquo;inscrivent sans payer et ne sont pas pr\u00e9sents au trail. En cas de trail complet, cette attitude emp\u00eache d&rsquo;autres coureurs \u00e0 venir \u00e0 notre organisation. Pour \u00e9viter cette situation, effectuez le versement [&hellip;]<\/p>\n","protected":false},"author":2,"featured_media":0,"parent":0,"menu_order":0,"comment_status":"closed","ping_status":"closed","template":"","meta":{"_et_pb_use_builder":"on","_et_pb_old_content":"","_et_gb_content_width":"","footnotes":""},"class_list":["post-27250","page","type-page","status-publish","hentry"],"_links":{"self":[{"href":"https:\/\/www.inedichrono.be\/index.php\/wp-json\/wp\/v2\/pages\/27250","targetHints":{"allow":["GET"]}}],"collection":[{"href":"https:\/\/www.inedichrono.be\/index.php\/wp-json\/wp\/v2\/pages"}],"about":[{"href":"https:\/\/www.inedichrono.be\/index.php\/wp-json\/wp\/v2\/types\/page"}],"author":[{"embeddable":true,"href":"https:\/\/www.inedichrono.be\/index.php\/wp-json\/wp\/v2\/users\/2"}],"replies":[{"embeddable":true,"href":"https:\/\/www.inedichrono.be\/index.php\/wp-json\/wp\/v2\/comments?post=27250"}],"version-history":[{"count":5,"href":"https:\/\/www.inedichrono.be\/index.php\/wp-json\/wp\/v2\/pages\/27250\/revisions"}],"predecessor-version":[{"id":27288,"href":"https:\/\/www.inedichrono.be\/index.php\/wp-json\/wp\/v2\/pages\/27250\/revisions\/27288"}],"wp:attachment":[{"href":"https:\/\/www.inedichrono.be\/index.php\/wp-json\/wp\/v2\/media?parent=27250"}],"curies":[{"name":"wp","href":"https:\/\/api.w.org\/{rel}","templated":true}]}}